{"id":111,"date":"2012-07-04T22:23:39","date_gmt":"2012-07-04T22:23:39","guid":{"rendered":"http:\/\/elearning.gbu.fr\/?page_id=111"},"modified":"2012-07-04T22:23:39","modified_gmt":"2012-07-04T22:23:39","slug":"111-2","status":"publish","type":"page","link":"https:\/\/www.creusonslabible.fr\/?page_id=111","title":{"rendered":"La Bible"},"content":{"rendered":"<p><!--raw--><\/p>\n<div class=\"post-list group\">\n<div class=\"post-row\">\n<article class=\"group post type-post status-publish format-standard has-post-thumbnail hentry\">\n<div class=\"post-inner post-hover\">\n<div class=\"post-thumbnail\"><a href=\"?p=4110\"><br \/>\n<img loading=\"lazy\" decoding=\"async\" class=\"attachment-thumb-medium wp-post-image\" src=\"https:\/\/clone.foienquestions.eu\/wp-content\/uploads\/2015\/10\/PICTO-03-1.png\" alt=\"\u00e9tudes bibliques\" width=\"255\" height=\"95\" \/><br \/>\n<\/a><\/div>\n<div class=\"post-meta group\"><\/div>\n<h2 class=\"post-title\"><a title=\"Discussion Autour de la Bible\" href=\"?p=4110\"> Canevas de Discussions Autour de la Bible<\/a><\/h2>\n<div class=\"entry excerpt\"><\/div>\n<\/div>\n<\/article>\n<article class=\"group post type-post status-publish format-standard has-post-thumbnail hentry\">\n<div class=\"post-inner post-hover\">\n<div class=\"post-thumbnail\"><a href=\"?p=238\"><br \/>\n<img loading=\"lazy\" decoding=\"async\" class=\"attachment-thumb-medium wp-post-image\" src=\"https:\/\/clone.foienquestions.eu\/wp-content\/uploads\/2015\/10\/PICTO-02-1.png\" alt=\"introduction au livres bibliques\" width=\"255\" height=\"95\" \/><br \/>\n<\/a><\/div>\n<div class=\"post-meta group\"><\/div>\n<h2 class=\"post-title\"><a href=\"?p=238\"> Introduction aux livres Bibliques <\/a><\/h2>\n<div class=\"entry excerpt\"><\/div>\n<\/div>\n<\/article>\n<\/div>\n<div class=\"post-row\">\n<article class=\"group post type-post status-publish format-standard has-post-thumbnail hentry\">\n<div class=\"post-inner post-hover\">\n<div class=\"post-thumbnail\"><a href=\"?cat=66\"><br \/>\n<img loading=\"lazy\" decoding=\"async\" class=\"attachment-thumb-medium wp-post-image\" src=\"https:\/\/clone.foienquestions.eu\/wp-content\/uploads\/2015\/10\/PICTO-01-1.png\" alt=\"textes bibliques comment\u00e9s\" width=\"255\" height=\"95\" \/><br \/>\n<\/a><\/div>\n<div class=\"post-meta group\"><\/div>\n<h2 class=\"post-title\"><a href=\"?cat=66\">Textes Bibliques comment\u00e9s<\/a><\/h2>\n<div class=\"entry excerpt\"><\/div>\n<\/div>\n<\/article>\n<article class=\"group post type-post status-publish format-standard has-post-thumbnail hentry\">\n<div class=\"post-inner post-hover\">\n<div class=\"post-thumbnail\"><a href=\"?p=4229\"><br \/>\n<img loading=\"lazy\" decoding=\"async\" class=\"attachment-thumb-medium wp-post-image\" src=\"https:\/\/clone.foienquestions.eu\/wp-content\/uploads\/2015\/10\/PICTO-05-1.png\" alt=\"m\u00e9ditations bibliques\" width=\"255\" height=\"95\" \/><br \/>\n<\/a><\/div>\n<div class=\"post-meta group\"><\/div>\n<h2 class=\"post-title\"><a href=\"?p=4229\"> M\u00e9ditations Bibliques <\/a><\/h2>\n<\/div>\n<\/article>\n<\/div>\n<h2><\/h2>\n<div class=\"post-row\">\n<h2><a href=\"?cat=639\">Top 5<\/a><\/h2>\n<\/div>\n<h2><\/h2>\n<h2><a href=\"?cat=418\">Histoire d&rsquo;Isra\u00ebl<\/a><\/h2>\n<div class=\"post-row\"><\/div>\n<\/div>\n<p><!--\/raw--><\/p>\n","protected":false},"excerpt":{"rendered":"<p>Canevas de Discussions Autour de la Bible Introduction aux livres Bibliques Textes Bibliques comment\u00e9s M\u00e9ditations Bibliques Top 5 Histoire d&rsquo;Isra\u00ebl<\/p>\n","protected":false},"author":2,"featured_media":0,"parent":0,"menu_order":9,"comment_status":"open","ping_status":"open","template":"","meta":{"_acf_changed":false,"_eb_attr":"","advgb_blocks_editor_width":"","advgb_blocks_columns_visual_guide":"","footnotes":""},"mis-en-avant":[],"class_list":["post-111","page","type-page","status-publish","hentry"],"blocksy_meta":[],"acf":[],"featured_image_src":null,"coauthors":[],"author_meta":{"author_link":"https:\/\/www.creusonslabible.fr\/?author=2","display_name":"caillou"},"relative_dates":{"created":"Publi\u00e9 14 ans il y a","modified":"Mis \u00e0 jour 14 ans il y a"},"absolute_dates":{"created":"Publi\u00e9 le 4 juillet 2012","modified":"Mise \u00e0 jour le 4 juillet 2012"},"absolute_dates_time":{"created":"Publi\u00e9 le 4 juillet 2012 22h23","modified":"Mise \u00e0 jour le 4 juillet 2012 22h23"},"featured_img_caption":"","featured_img":false,"series_order":"","meta_box":[],"_links":{"self":[{"href":"https:\/\/www.creusonslabible.fr\/index.php?rest_route=\/wp\/v2\/pages\/111","targetHints":{"allow":["GET"]}}],"collection":[{"href":"https:\/\/www.creusonslabible.fr\/index.php?rest_route=\/wp\/v2\/pages"}],"about":[{"href":"https:\/\/www.creusonslabible.fr\/index.php?rest_route=\/wp\/v2\/types\/page"}],"author":[{"embeddable":true,"href":"https:\/\/www.creusonslabible.fr\/index.php?rest_route=\/wp\/v2\/users\/2"}],"replies":[{"embeddable":true,"href":"https:\/\/www.creusonslabible.fr\/index.php?rest_route=%2Fwp%2Fv2%2Fcomments&post=111"}],"version-history":[{"count":0,"href":"https:\/\/www.creusonslabible.fr\/index.php?rest_route=\/wp\/v2\/pages\/111\/revisions"}],"wp:attachment":[{"href":"https:\/\/www.creusonslabible.fr\/index.php?rest_route=%2Fwp%2Fv2%2Fmedia&parent=111"}],"wp:term":[{"taxonomy":"mis-en-avant","embeddable":true,"href":"https:\/\/www.creusonslabible.fr\/index.php?rest_route=%2Fwp%2Fv2%2Fmis-en-avant&post=111"}],"curies":[{"name":"wp","href":"https:\/\/api.w.org\/{rel}","templated":true}]}}