{"id":12362,"date":"2025-10-05T13:09:21","date_gmt":"2025-10-05T11:09:21","guid":{"rendered":"https:\/\/www.creusonslabible.fr\/?page_id=12362"},"modified":"2026-03-23T15:05:17","modified_gmt":"2026-03-23T13:05:17","slug":"introduction-aux-livres-bibliques","status":"publish","type":"page","link":"https:\/\/www.creusonslabible.fr\/?page_id=12362","title":{"rendered":"Introduction aux livres Bibliques"},"content":{"rendered":"<div class=\"wp-block-ub-content-toggle wp-block-ub-content-toggle-block\" id=\"ub-content-toggle-block-057b7a39-0823-4317-938a-6e71a40b3661\" data-mobilecollapse=\"false\" data-desktopcollapse=\"false\" data-preventcollapse=\"false\" data-showonlyone=\"false\">\n<div class=\"wp-block-ub-content-toggle-accordion\" style=\"border-color: #f1f1f1;\" id=\"ub-content-toggle-panel-block-\">\n\t\t\t<div class=\"wp-block-ub-content-toggle-accordion-title-wrap\" style=\"background-color: #f1f1f1;\" aria-controls=\"ub-content-toggle-panel-0-057b7a39-0823-4317-938a-6e71a40b3661\" tabindex=\"0\">\n\t\t\t<p class=\"wp-block-ub-content-toggle-accordion-title ub-content-toggle-title-057b7a39-0823-4317-938a-6e71a40b3661\" style=\"color: #000000; \">Ancien Testament<\/p>\n\t\t\t<div class=\"wp-block-ub-content-toggle-accordion-toggle-wrap right\" style=\"color: #000000;\"><span class=\"wp-block-ub-content-toggle-accordion-state-indicator wp-block-ub-chevron-down open\"><\/span><\/div>\n\t\t<\/div>\n\t\t\t<div role=\"region\" aria-expanded=\"true\" class=\"wp-block-ub-content-toggle-accordion-content-wrap\" id=\"ub-content-toggle-panel-0-057b7a39-0823-4317-938a-6e71a40b3661\">\n\n<ul class=\"wp-block-list\">\n<li><a href=\"https:\/\/www.creusonslabible.fr\/?p=407\">Gen\u00e8se<\/a><\/li>\n\n\n\n<li><a href=\"https:\/\/www.creusonslabible.fr\/?p=405\">Exode<\/a><\/li>\n\n\n\n<li><a href=\"https:\/\/www.creusonslabible.fr\/?p=403\">L\u00e9vitique<\/a><\/li>\n\n\n\n<li><a href=\"https:\/\/www.creusonslabible.fr\/?p=401\">Nombres<\/a><\/li>\n\n\n\n<li><a href=\"https:\/\/www.creusonslabible.fr\/?p=399\">Deut\u00e9ronome<\/a><\/li>\n\n\n\n<li><a href=\"https:\/\/www.creusonslabible.fr\/?p=397\">Josu\u00e9<\/a><\/li>\n\n\n\n<li><a href=\"https:\/\/www.creusonslabible.fr\/?p=628\">Juges<\/a><\/li>\n\n\n\n<li><a href=\"https:\/\/www.creusonslabible.fr\/?p=630\">Ruth<\/a><\/li>\n\n\n\n<li><a href=\"https:\/\/www.creusonslabible.fr\/?p=394\">1 &amp; 2 Samuel<\/a><\/li>\n\n\n\n<li><a href=\"https:\/\/www.creusonslabible.fr\/?p=391\">1 &amp; 2 Rois<\/a><\/li>\n\n\n\n<li><a href=\"https:\/\/www.creusonslabible.fr\/?p=389\" data-type=\"post\" data-id=\"389\">1 &amp; 2 Chroniques<\/a><\/li>\n\n\n\n<li><a href=\"https:\/\/www.creusonslabible.fr\/?p=387\">Esdras &amp; N\u00e9h\u00e9mie<\/a><\/li>\n\n\n\n<li><a href=\"https:\/\/www.creusonslabible.fr\/?p=385\">Esther<\/a><\/li>\n\n\n\n<li><a href=\"https:\/\/www.creusonslabible.fr\/?p=381\">Job<\/a><\/li>\n\n\n\n<li><a href=\"https:\/\/www.creusonslabible.fr\/?p=383\">Psaumes<\/a><\/li>\n\n\n\n<li><a href=\"https:\/\/www.creusonslabible.fr\/?p=378\">Proverbes<\/a><\/li>\n\n\n\n<li><a href=\"https:\/\/www.creusonslabible.fr\/?p=375\">Eccl\u00e9siaste<\/a><\/li>\n\n\n\n<li><a href=\"https:\/\/www.creusonslabible.fr\/?p=653\">Cantique des cantiques<\/a><\/li>\n\n\n\n<li><a href=\"https:\/\/www.creusonslabible.fr\/?p=372\">Esa\u00efe<\/a><\/li>\n\n\n\n<li><a href=\"https:\/\/www.creusonslabible.fr\/?p=370\">J\u00e9r\u00e9mie<\/a><\/li>\n\n\n\n<li><a href=\"https:\/\/www.creusonslabible.fr\/?p=659\">Lamentations de J\u00e9r\u00e9mie<\/a><\/li>\n\n\n\n<li><a href=\"https:\/\/www.creusonslabible.fr\/?p=678\">Ez\u00e9chiel<\/a><\/li>\n\n\n\n<li><a href=\"https:\/\/www.creusonslabible.fr\/?p=681\">Daniel<\/a><\/li>\n\n\n\n<li>Os\u00e9e (<a href=\"https:\/\/www.creusonslabible.fr\/?p=689\" data-type=\"post\" data-id=\"689\">Ici<\/a> l&rsquo;introduction aux livres d&rsquo;Amos et Os\u00e9e, <a href=\"https:\/\/www.creusonslabible.fr\/?p=683\" data-type=\"post\" data-id=\"683\">ici<\/a> plus de d\u00e9tails sur Os\u00e9e)<\/li>\n\n\n\n<li><a href=\"https:\/\/www.creusonslabible.fr\/?p=685\" data-type=\"post\" data-id=\"685\">Jo\u00ebl<\/a><\/li>\n\n\n\n<li><a href=\"https:\/\/www.creusonslabible.fr\/?p=689\">Amos<\/a><\/li>\n\n\n\n<li><a href=\"https:\/\/www.creusonslabible.fr\/?p=692\" data-type=\"post\" data-id=\"692\">Abdias<\/a><\/li>\n\n\n\n<li><a href=\"https:\/\/www.creusonslabible.fr\/?p=694\">Jonas<\/a><\/li>\n\n\n\n<li><a href=\"https:\/\/www.creusonslabible.fr\/?p=696\">Mich\u00e9e<\/a><\/li>\n\n\n\n<li><a href=\"https:\/\/www.creusonslabible.fr\/?p=698\">Nahum<\/a><\/li>\n\n\n\n<li><a href=\"https:\/\/www.creusonslabible.fr\/?p=700\" data-type=\"post\" data-id=\"700\">Habaquq<\/a><\/li>\n\n\n\n<li><a href=\"https:\/\/www.creusonslabible.fr\/?p=702\">Sophonie<\/a><\/li>\n\n\n\n<li><a href=\"https:\/\/www.creusonslabible.fr\/?p=704\">Agg\u00e9e<\/a><\/li>\n\n\n\n<li><a href=\"https:\/\/www.creusonslabible.fr\/?p=706\">Zacharie<\/a><\/li>\n\n\n\n<li><a href=\"https:\/\/www.creusonslabible.fr\/?p=708\" data-type=\"post\" data-id=\"708\">Malachie<\/a><\/li>\n<\/ul>\n\n<\/div>\n\t\t<\/div>\n\n<div class=\"wp-block-ub-content-toggle-accordion\" style=\"border-color: #f1f1f1;\" id=\"ub-content-toggle-panel-block-\">\n\t\t\t<div class=\"wp-block-ub-content-toggle-accordion-title-wrap\" style=\"background-color: #f1f1f1;\" aria-controls=\"ub-content-toggle-panel-1-057b7a39-0823-4317-938a-6e71a40b3661\" tabindex=\"0\">\n\t\t\t<p class=\"wp-block-ub-content-toggle-accordion-title ub-content-toggle-title-057b7a39-0823-4317-938a-6e71a40b3661\" style=\"color: #000000; \">Nouveau Testament<\/p>\n\t\t\t<div class=\"wp-block-ub-content-toggle-accordion-toggle-wrap right\" style=\"color: #000000;\"><span class=\"wp-block-ub-content-toggle-accordion-state-indicator wp-block-ub-chevron-down open\"><\/span><\/div>\n\t\t<\/div>\n\t\t\t<div role=\"region\" aria-expanded=\"true\" class=\"wp-block-ub-content-toggle-accordion-content-wrap\" id=\"ub-content-toggle-panel-1-057b7a39-0823-4317-938a-6e71a40b3661\">\n\n<ul class=\"wp-block-list\">\n<li><a href=\"https:\/\/www.creusonslabible.fr\/?p=273\">Matthieu<\/a><\/li>\n\n\n\n<li><a href=\"https:\/\/www.creusonslabible.fr\/?p=271\">Marc<\/a><\/li>\n\n\n\n<li><a href=\"https:\/\/www.creusonslabible.fr\/?p=268\">Luc<\/a><\/li>\n\n\n\n<li><a href=\"https:\/\/www.creusonslabible.fr\/?p=275\">Jean<\/a><\/li>\n\n\n\n<li><a href=\"https:\/\/www.creusonslabible.fr\/?p=266\">Actes des Ap\u00f4tres<\/a><\/li>\n\n\n\n<li><a href=\"https:\/\/www.creusonslabible.fr\/?p=264\">Romains<\/a><\/li>\n\n\n\n<li><a href=\"https:\/\/www.creusonslabible.fr\/?p=262\">1 Corinthiens<\/a><\/li>\n\n\n\n<li><a href=\"https:\/\/www.creusonslabible.fr\/?p=260\">2 Corinthiens<\/a><\/li>\n\n\n\n<li><a href=\"https:\/\/www.creusonslabible.fr\/?p=258\">Galates<\/a><\/li>\n\n\n\n<li><a href=\"https:\/\/www.creusonslabible.fr\/?p=256\">Eph\u00e9siens<\/a><\/li>\n\n\n\n<li><a href=\"https:\/\/www.creusonslabible.fr\/?p=254\">Philippiens<\/a><\/li>\n\n\n\n<li><a href=\"https:\/\/www.creusonslabible.fr\/?p=252\">Colossiens<\/a><\/li>\n\n\n\n<li><a href=\"https:\/\/www.creusonslabible.fr\/?p=250\">1 &amp; 2 Thessaloniciens<\/a><\/li>\n\n\n\n<li><a href=\"https:\/\/www.creusonslabible.fr\/?p=248\">1 Timoth\u00e9e<\/a><\/li>\n\n\n\n<li><a href=\"https:\/\/www.creusonslabible.fr\/?p=246\">2 Timoth\u00e9e<\/a><\/li>\n\n\n\n<li><a href=\"https:\/\/www.creusonslabible.fr\/?p=242\">Tite<\/a><\/li>\n\n\n\n<li><a href=\"https:\/\/www.creusonslabible.fr\/?p=240\">Phil\u00e9mon<\/a><\/li>\n\n\n\n<li><a href=\"https:\/\/www.creusonslabible.fr\/?p=225\">H\u00e9breux<\/a><\/li>\n\n\n\n<li><a href=\"https:\/\/www.creusonslabible.fr\/?p=843\">Jacques<\/a><\/li>\n\n\n\n<li><a href=\"https:\/\/www.creusonslabible.fr\/?p=217\">1 Pierre<\/a><\/li>\n\n\n\n<li><a href=\"https:\/\/www.creusonslabible.fr\/?p=215\">2 Pierre<\/a><\/li>\n\n\n\n<li><a href=\"https:\/\/www.creusonslabible.fr\/?p=210\">1, 2 et 3 Jean<\/a><\/li>\n\n\n\n<li><a href=\"https:\/\/www.creusonslabible.fr\/?p=208\">Jude<\/a><\/li>\n\n\n\n<li><a href=\"https:\/\/www.creusonslabible.fr\/?p=197\">Apocalypse<\/a><\/li>\n<\/ul>\n\n<\/div>\n\t\t<\/div>\n<\/div>\n\n\n<p><\/p>\n","protected":false},"excerpt":{"rendered":"","protected":false},"author":11,"featured_media":907,"parent":0,"menu_order":0,"comment_status":"closed","ping_status":"closed","template":"","meta":{"_acf_changed":false,"_eb_attr":"","advgb_blocks_editor_width":"","advgb_blocks_columns_visual_guide":"","footnotes":""},"mis-en-avant":[],"class_list":["post-12362","page","type-page","status-publish","has-post-thumbnail","hentry"],"blocksy_meta":[],"acf":[],"featured_image_src":"https:\/\/www.creusonslabible.fr\/wp-content\/uploads\/2012\/07\/la_bible-1.png","coauthors":[],"author_meta":{"author_link":"https:\/\/www.creusonslabible.fr\/?author=11","display_name":"Cedriane Prohin"},"relative_dates":{"created":"Publi\u00e9 7 mois il y a","modified":"Mis \u00e0 jour 1 mois il y a"},"absolute_dates":{"created":"Publi\u00e9 le 5 octobre 2025","modified":"Mise \u00e0 jour le 23 mars 2026"},"absolute_dates_time":{"created":"Publi\u00e9 le 5 octobre 2025 13h09","modified":"Mise \u00e0 jour le 23 mars 2026 15h05"},"featured_img_caption":"","featured_img":"https:\/\/www.creusonslabible.fr\/wp-content\/uploads\/2012\/07\/la_bible-1.png","series_order":"","meta_box":[],"_links":{"self":[{"href":"https:\/\/www.creusonslabible.fr\/index.php?rest_route=\/wp\/v2\/pages\/12362","targetHints":{"allow":["GET"]}}],"collection":[{"href":"https:\/\/www.creusonslabible.fr\/index.php?rest_route=\/wp\/v2\/pages"}],"about":[{"href":"https:\/\/www.creusonslabible.fr\/index.php?rest_route=\/wp\/v2\/types\/page"}],"author":[{"embeddable":true,"href":"https:\/\/www.creusonslabible.fr\/index.php?rest_route=\/wp\/v2\/users\/11"}],"replies":[{"embeddable":true,"href":"https:\/\/www.creusonslabible.fr\/index.php?rest_route=%2Fwp%2Fv2%2Fcomments&post=12362"}],"version-history":[{"count":3,"href":"https:\/\/www.creusonslabible.fr\/index.php?rest_route=\/wp\/v2\/pages\/12362\/revisions"}],"predecessor-version":[{"id":12385,"href":"https:\/\/www.creusonslabible.fr\/index.php?rest_route=\/wp\/v2\/pages\/12362\/revisions\/12385"}],"wp:featuredmedia":[{"embeddable":true,"href":"https:\/\/www.creusonslabible.fr\/index.php?rest_route=\/wp\/v2\/media\/907"}],"wp:attachment":[{"href":"https:\/\/www.creusonslabible.fr\/index.php?rest_route=%2Fwp%2Fv2%2Fmedia&parent=12362"}],"wp:term":[{"taxonomy":"mis-en-avant","embeddable":true,"href":"https:\/\/www.creusonslabible.fr\/index.php?rest_route=%2Fwp%2Fv2%2Fmis-en-avant&post=12362"}],"curies":[{"name":"wp","href":"https:\/\/api.w.org\/{rel}","templated":true}]}}