{"id":126,"date":"2012-07-05T11:21:02","date_gmt":"2012-07-05T11:21:02","guid":{"rendered":"http:\/\/elearning.gbu.fr\/?page_id=126"},"modified":"2012-07-05T11:21:02","modified_gmt":"2012-07-05T11:21:02","slug":"la-foi-chretienne","status":"publish","type":"page","link":"https:\/\/www.creusonslabible.fr\/?page_id=126","title":{"rendered":"La foi chr\u00e9tienne"},"content":{"rendered":"<p><!--raw--><\/p>\n<div class=\"post-list group\">\n<div class=\"post-row\">\n<article class=\"group post type-post status-publish format-standard has-post-thumbnail hentry\" >\n<div class=\"post-inner post-hover\">\n<div class=\"post-thumbnail\">\n\t\t\t\t<a href=\"?cat=55\"><br \/>\n\t\t\t\t\t<img decoding=\"async\" class=\"attachment-thumb-medium wp-post-image\"  src=\"https:\/\/clone.foienquestions.eu\/wp-content\/uploads\/2015\/10\/PICTO-15-1.png\"><br \/>\n\t\t\t\t<\/a>\n\t\t\t<\/div>\n<div class=\"post-meta group\"><\/div>\n<h2 class=\"post-title\"><a href=\"?cat=55\"> Dieu le P\u00e8re<\/a><\/h2>\n<div class=\"entry excerpt\"><\/div>\n<\/p><\/div>\n<\/article>\n<article class=\"group post type-post status-publish format-standard has-post-thumbnail hentry\" >\n<div class=\"post-inner post-hover\">\n<div class=\"post-thumbnail\">\n\t\t\t\t<a href=\"?cat=10\"><br \/>\n\t\t\t\t\t<img decoding=\"async\" class=\"attachment-thumb-medium wp-post-image\"  src=\"https:\/\/clone.foienquestions.eu\/wp-content\/uploads\/2015\/10\/PICTO-09-1.png\"><br \/>\n\t\t\t\t<\/a>\n\t\t\t<\/div>\n<div class=\"post-meta group\"><\/div>\n<h2 class=\"post-title\"><a href=\"?cat=10\">J\u00e9sus, Fils de Dieu <\/a><\/h2>\n<div class=\"entry excerpt\"><\/div>\n<\/p><\/div>\n<\/article>\n<\/div>\n<div class=\"post-row\">\n<article class=\"group post type-post status-publish format-standard has-post-thumbnail hentry\" >\n<div class=\"post-inner post-hover\">\n<div class=\"post-thumbnail\">\n\t\t\t\t<a href=\"?cat=75\"><br \/>\n\t\t\t\t\t<img decoding=\"async\" class=\"attachment-thumb-medium wp-post-image\"  src=\"https:\/\/clone.foienquestions.eu\/wp-content\/uploads\/2015\/10\/PICTO-07-1.png\"><br \/>\n\t\t\t\t<\/a>\n\t\t\t<\/div>\n<div class=\"post-meta group\"><\/div>\n<h2 class=\"post-title\"><a href=\"?cat=75\">Dieu le Saint-Esprit <\/a><\/h2>\n<div class=\"entry excerpt\"><\/div>\n<\/p><\/div>\n<\/article>\n<article class=\"group post type-post status-publish format-standard has-post-thumbnail hentry\" >\n<div class=\"post-inner post-hover\">\n<div class=\"post-thumbnail\">\n\t\t\t\t<a href=\"?cat=317\"><br \/>\n\t\t\t\t\t<img decoding=\"async\" class=\"attachment-thumb-medium wp-post-image\"  src=\"https:\/\/clone.foienquestions.eu\/wp-content\/uploads\/2015\/10\/PICTO-06-1.png\"><br \/>\n\t\t\t\t<\/a>\n\t\t\t<\/div>\n<div class=\"post-meta group\"><\/div>\n<h2 class=\"post-title\"><a href=\"?cat=317\"> La Trinit\u00e9<\/a><\/h2>\n<div class=\"entry excerpt\"><\/div>\n<\/p><\/div>\n<\/article>\n<\/div>\n<div class=\"post-row\">\n<article class=\"group post type-post status-publish format-standard has-post-thumbnail hentry\" >\n<div class=\"post-inner post-hover\">\n<div class=\"post-thumbnail\">\n\t\t\t\t<a href=\"?cat=80\"><br \/>\n\t\t\t\t\t<img decoding=\"async\" class=\"attachment-thumb-medium wp-post-image\"  src=\"https:\/\/clone.foienquestions.eu\/wp-content\/uploads\/2015\/10\/PICTO-13-1.png\"><br \/>\n\t\t\t\t<\/a>\n\t\t\t<\/div>\n<div class=\"post-meta group\"><\/div>\n<h2 class=\"post-title\"><a href=\"?cat=80\"> Comment Dieu se r\u00e9v\u00e8le<\/a><\/h2>\n<div class=\"entry excerpt\"><\/div>\n<\/p><\/div>\n<\/article>\n<article class=\"group post type-post status-publish format-standard has-post-thumbnail hentry\" >\n<div class=\"post-inner post-hover\">\n<div class=\"post-thumbnail\">\n\t\t\t\t<a href=\"?cat=78\"><br \/>\n\t\t\t\t\t<img decoding=\"async\" class=\"attachment-thumb-medium wp-post-image\"  src=\"https:\/\/clone.foienquestions.eu\/wp-content\/uploads\/2015\/10\/PICTO-12-1.png\"><br \/>\n\t\t\t\t<\/a>\n\t\t\t<\/div>\n<div class=\"post-meta group\"><\/div>\n<h2 class=\"post-title\"><a href=\"?cat=78\">Le p\u00e9ch\u00e9 et le mal <\/a><\/h2>\n<div class=\"entry excerpt\"><\/div>\n<\/p><\/div>\n<\/article>\n<\/div>\n<div class=\"post-row\">\n<article class=\"group post type-post status-publish format-standard has-post-thumbnail hentry\" >\n<div class=\"post-inner post-hover\">\n<div class=\"post-thumbnail\">\n\t\t\t\t<a href=\"?cat=315\"><br \/>\n\t\t\t\t\t<img decoding=\"async\" class=\"attachment-thumb-medium wp-post-image\"  src=\"https:\/\/clone.foienquestions.eu\/wp-content\/uploads\/2015\/10\/PICTO-10-1.png\"><br \/>\n\t\t\t\t<\/a>\n\t\t\t<\/div>\n<div class=\"post-meta group\"><\/div>\n<h2 class=\"post-title\"><a href=\"?cat=315\">Comment Dieu sauve <\/a><\/h2>\n<div class=\"entry excerpt\"><\/div>\n<\/p><\/div>\n<\/article>\n<article class=\"group post type-post status-publish format-standard has-post-thumbnail hentry\" >\n<div class=\"post-inner post-hover\">\n<div class=\"post-thumbnail\">\n\t\t\t\t<a href=\"?cat=74\"><br \/>\n\t\t\t\t\t<img decoding=\"async\" class=\"attachment-thumb-medium wp-post-image\"  src=\"https:\/\/clone.foienquestions.eu\/wp-content\/uploads\/2015\/10\/PICTO-14-1.png\"><br \/>\n\t\t\t\t<\/a>\n\t\t\t<\/div>\n<div class=\"post-meta group\"><\/div>\n<h2 class=\"post-title\"><a href=\"?cat=74\"> L&rsquo;\u00c9glise<\/a><\/h2>\n<div class=\"entry excerpt\"><\/div>\n<\/p><\/div>\n<\/article>\n<\/div>\n<div class=\"post-row\">\n<article class=\"group post type-post status-publish format-standard has-post-thumbnail hentry\" >\n<div class=\"post-inner post-hover\">\n<div class=\"post-thumbnail\">\n\t\t\t\t<a href=\"?cat=73\"><br \/>\n\t\t\t\t\t<img decoding=\"async\" class=\"attachment-thumb-medium wp-post-image\"  src=\"https:\/\/clone.foienquestions.eu\/wp-content\/uploads\/2015\/10\/PICTO-11-1.png\"><br \/>\n\t\t\t\t<\/a>\n\t\t\t<\/div>\n<div class=\"post-meta group\"><\/div>\n<h2 class=\"post-title\"><a href=\"?cat=73\">La fin des temps <\/a><\/h2>\n<div class=\"entry excerpt\"><\/div>\n<\/p><\/div>\n<\/article>\n<article class=\"group post type-post status-publish format-standard has-post-thumbnail hentry\" >\n<div class=\"post-inner post-hover\">\n<div class=\"post-thumbnail\">\n\t\t\t\t<a href=\"?cat=72\"><br \/>\n\t\t\t\t\t<img decoding=\"async\" class=\"attachment-thumb-medium wp-post-image\"  src=\"https:\/\/clone.foienquestions.eu\/wp-content\/uploads\/2015\/10\/PICTO-08-1.png\"><br \/>\n\t\t\t\t<\/a>\n\t\t\t<\/div>\n<div class=\"post-meta group\"><\/div>\n<h2 class=\"post-title\"><a href=\"?cat=72\">La base doctrinale des GBU expliqu\u00e9e <\/a><\/h2>\n<div class=\"entry excerpt\"><\/div>\n<\/p><\/div>\n<\/article>\n<\/div>\n<\/div>\n<p><!--\/raw--><\/p>\n","protected":false},"excerpt":{"rendered":"<p>Dieu le P\u00e8re J\u00e9sus, Fils de Dieu Dieu le Saint-Esprit La Trinit\u00e9 Comment Dieu se r\u00e9v\u00e8le Le p\u00e9ch\u00e9 et le mal Comment Dieu sauve L&rsquo;\u00c9glise La fin des temps La base doctrinale des GBU expliqu\u00e9e<\/p>\n","protected":false},"author":2,"featured_media":0,"parent":0,"menu_order":7,"comment_status":"open","ping_status":"open","template":"","meta":{"_acf_changed":false,"_eb_attr":"","advgb_blocks_editor_width":"","advgb_blocks_columns_visual_guide":"","footnotes":""},"mis-en-avant":[],"class_list":["post-126","page","type-page","status-publish","hentry"],"blocksy_meta":[],"acf":[],"featured_image_src":null,"coauthors":[],"author_meta":{"author_link":"https:\/\/www.creusonslabible.fr\/?author=2","display_name":"caillou"},"relative_dates":{"created":"Publi\u00e9 14 ans il y a","modified":"Mis \u00e0 jour 14 ans il y a"},"absolute_dates":{"created":"Publi\u00e9 le 5 juillet 2012","modified":"Mise \u00e0 jour le 5 juillet 2012"},"absolute_dates_time":{"created":"Publi\u00e9 le 5 juillet 2012 11h21","modified":"Mise \u00e0 jour le 5 juillet 2012 11h21"},"featured_img_caption":"","featured_img":false,"series_order":"","meta_box":[],"_links":{"self":[{"href":"https:\/\/www.creusonslabible.fr\/index.php?rest_route=\/wp\/v2\/pages\/126","targetHints":{"allow":["GET"]}}],"collection":[{"href":"https:\/\/www.creusonslabible.fr\/index.php?rest_route=\/wp\/v2\/pages"}],"about":[{"href":"https:\/\/www.creusonslabible.fr\/index.php?rest_route=\/wp\/v2\/types\/page"}],"author":[{"embeddable":true,"href":"https:\/\/www.creusonslabible.fr\/index.php?rest_route=\/wp\/v2\/users\/2"}],"replies":[{"embeddable":true,"href":"https:\/\/www.creusonslabible.fr\/index.php?rest_route=%2Fwp%2Fv2%2Fcomments&post=126"}],"version-history":[{"count":0,"href":"https:\/\/www.creusonslabible.fr\/index.php?rest_route=\/wp\/v2\/pages\/126\/revisions"}],"wp:attachment":[{"href":"https:\/\/www.creusonslabible.fr\/index.php?rest_route=%2Fwp%2Fv2%2Fmedia&parent=126"}],"wp:term":[{"taxonomy":"mis-en-avant","embeddable":true,"href":"https:\/\/www.creusonslabible.fr\/index.php?rest_route=%2Fwp%2Fv2%2Fmis-en-avant&post=126"}],"curies":[{"name":"wp","href":"https:\/\/api.w.org\/{rel}","templated":true}]}}