{"id":1298,"date":"2013-03-05T12:38:04","date_gmt":"2013-03-05T12:38:04","guid":{"rendered":"http:\/\/elearning.gbu.fr\/?page_id=1298"},"modified":"2013-03-05T12:38:04","modified_gmt":"2013-03-05T12:38:04","slug":"la-vie-chretienne","status":"publish","type":"page","link":"https:\/\/www.creusonslabible.fr\/?page_id=1298","title":{"rendered":"La vie chr\u00e9tienne"},"content":{"rendered":"<p>\t<!--raw--><\/p>\n<div class=\"post-list group\">\n<div class=\"post-row\">\n<article class=\"group post type-post status-publish format-standard has-post-thumbnail hentry\" >\n<div class=\"post-inner post-hover\">\n<div class=\"post-thumbnail\">\n\t\t\t\t<a href=\"?cat=85\"><br \/>\n\t\t\t\t\t<img decoding=\"async\" class=\"attachment-thumb-medium wp-post-image\"  src=\"https:\/\/clone.foienquestions.eu\/wp-content\/uploads\/2015\/10\/PICTO-22-1.png\"><br \/>\n\t\t\t\t<\/a>\n\t\t\t<\/div>\n<div class=\"post-meta group\"><\/div>\n<h2 class=\"post-title\"><a href=\"?cat=85\"> L&rsquo;\u00e9vang\u00e9lisation<\/a><\/h2>\n<div class=\"entry excerpt\"><\/div>\n<\/p><\/div>\n<\/article>\n<article class=\"group post type-post status-publish format-standard has-post-thumbnail hentry\" >\n<div class=\"post-inner post-hover\">\n<div class=\"post-thumbnail\">\n\t\t\t\t<a href=\"?cat=316\"><br \/>\n\t\t\t\t\t<img decoding=\"async\" class=\"attachment-thumb-medium wp-post-image\"  src=\"https:\/\/clone.foienquestions.eu\/wp-content\/uploads\/2015\/10\/PICTO-25-1.png\"><br \/>\n\t\t\t\t<\/a>\n\t\t\t<\/div>\n<div class=\"post-meta group\"><\/div>\n<h2 class=\"post-title\"><a href=\"?cat=316\"> Grandir avec Dieu<\/a><\/h2>\n<div class=\"entry excerpt\"><\/div>\n<\/p><\/div>\n<\/article>\n<\/div>\n<div class=\"post-row\">\n<article class=\"group post type-post status-publish format-standard has-post-thumbnail hentry\" >\n<div class=\"post-inner post-hover\">\n<div class=\"post-thumbnail\">\n\t\t\t\t<a href=\"?cat=82\"><br \/>\n\t\t\t\t\t<img decoding=\"async\" class=\"attachment-thumb-medium wp-post-image\"  src=\"https:\/\/clone.foienquestions.eu\/wp-content\/uploads\/2015\/10\/PICTO-19-1.png\"><br \/>\n\t\t\t\t<\/a>\n\t\t\t<\/div>\n<div class=\"post-meta group\"><\/div>\n<h2 class=\"post-title\"><a href=\"?cat=82\">Le chr\u00e9tien dans la soci\u00e9t\u00e9 <\/a><\/h2>\n<div class=\"entry excerpt\"><\/div>\n<\/p><\/div>\n<\/article>\n<article class=\"group post type-post status-publish format-standard has-post-thumbnail hentry\" >\n<div class=\"post-inner post-hover\">\n<div class=\"post-thumbnail\">\n\t\t\t\t<a href=\"?cat=234\"><br \/>\n\t\t\t\t\t<img decoding=\"async\" class=\"attachment-thumb-medium wp-post-image\"  src=\"https:\/\/clone.foienquestions.eu\/wp-content\/uploads\/2015\/10\/PICTO-18-1.png\"><br \/>\n\t\t\t\t<\/a>\n\t\t\t<\/div>\n<div class=\"post-meta group\"><\/div>\n<h2 class=\"post-title\"><a href=\"?cat=234\"> Le travail<\/a><\/h2>\n<div class=\"entry excerpt\"><\/div>\n<\/p><\/div>\n<\/article>\n<\/div>\n<div class=\"post-row\">\n<article class=\"group post type-post status-publish format-standard has-post-thumbnail hentry\" >\n<div class=\"post-inner post-hover\">\n<div class=\"post-thumbnail\">\n\t\t\t\t<a href=\"?cat=84\"><br \/>\n\t\t\t\t\t<img decoding=\"async\" class=\"attachment-thumb-medium wp-post-image\"  src=\"https:\/\/clone.foienquestions.eu\/wp-content\/uploads\/2015\/10\/PICTO-20-1.png\"><br \/>\n\t\t\t\t<\/a>\n\t\t\t<\/div>\n<div class=\"post-meta group\"><\/div>\n<h2 class=\"post-title\"><a href=\"?cat=84\">La sexualit\u00e9 <\/a><\/h2>\n<div class=\"entry excerpt\"><\/div>\n<\/p><\/div>\n<\/article>\n<article class=\"group post type-post status-publish format-standard has-post-thumbnail hentry\" >\n<div class=\"post-inner post-hover\">\n<div class=\"post-thumbnail\">\n\t\t\t\t<a href=\"?cat=81\"><br \/>\n\t\t\t\t\t<img decoding=\"async\" class=\"attachment-thumb-medium wp-post-image\"  src=\"https:\/\/clone.foienquestions.eu\/wp-content\/uploads\/2015\/10\/PICTO-24-1.png\"><br \/>\n\t\t\t\t<\/a>\n\t\t\t<\/div>\n<div class=\"post-meta group\"><\/div>\n<h2 class=\"post-title\"><a href=\"?cat=81\">La souffrance <\/a><\/h2>\n<div class=\"entry excerpt\"><\/div>\n<\/p><\/div>\n<\/article>\n<\/div>\n<div class=\"post-row\">\n<article class=\"group post type-post status-publish format-standard has-post-thumbnail hentry\" >\n<div class=\"post-inner post-hover\">\n<div class=\"post-thumbnail\">\n\t\t\t\t<a href=\"?cat=334\"><br \/>\n\t\t\t\t\t<img decoding=\"async\" class=\"attachment-thumb-medium wp-post-image\"  src=\"https:\/\/clone.foienquestions.eu\/wp-content\/uploads\/2015\/10\/PICTO-23-1.png\"><br \/>\n\t\t\t\t<\/a>\n\t\t\t<\/div>\n<div class=\"post-meta group\"><\/div>\n<h2 class=\"post-title\"><a href=\"?cat=334\"> La pri\u00e8re<\/a><\/h2>\n<div class=\"entry excerpt\"><\/div>\n<\/p><\/div>\n<\/article>\n<\/div>\n<\/div>\n<p><!--\/raw--><\/p>\n","protected":false},"excerpt":{"rendered":"<p>L&rsquo;\u00e9vang\u00e9lisation Grandir avec Dieu Le chr\u00e9tien dans la soci\u00e9t\u00e9 Le travail La sexualit\u00e9 La souffrance La pri\u00e8re<\/p>\n","protected":false},"author":2,"featured_media":0,"parent":0,"menu_order":5,"comment_status":"closed","ping_status":"closed","template":"","meta":{"_acf_changed":false,"_eb_attr":"","advgb_blocks_editor_width":"","advgb_blocks_columns_visual_guide":"","footnotes":""},"mis-en-avant":[],"class_list":["post-1298","page","type-page","status-publish","hentry"],"blocksy_meta":[],"acf":[],"featured_image_src":null,"coauthors":[],"author_meta":{"author_link":"https:\/\/www.creusonslabible.fr\/?author=2","display_name":"caillou"},"relative_dates":{"created":"Publi\u00e9 13 ans il y a","modified":"Mis \u00e0 jour 13 ans il y a"},"absolute_dates":{"created":"Publi\u00e9 le 5 mars 2013","modified":"Mise \u00e0 jour le 5 mars 2013"},"absolute_dates_time":{"created":"Publi\u00e9 le 5 mars 2013 12h38","modified":"Mise \u00e0 jour le 5 mars 2013 12h38"},"featured_img_caption":"","featured_img":false,"series_order":"","meta_box":[],"_links":{"self":[{"href":"https:\/\/www.creusonslabible.fr\/index.php?rest_route=\/wp\/v2\/pages\/1298","targetHints":{"allow":["GET"]}}],"collection":[{"href":"https:\/\/www.creusonslabible.fr\/index.php?rest_route=\/wp\/v2\/pages"}],"about":[{"href":"https:\/\/www.creusonslabible.fr\/index.php?rest_route=\/wp\/v2\/types\/page"}],"author":[{"embeddable":true,"href":"https:\/\/www.creusonslabible.fr\/index.php?rest_route=\/wp\/v2\/users\/2"}],"replies":[{"embeddable":true,"href":"https:\/\/www.creusonslabible.fr\/index.php?rest_route=%2Fwp%2Fv2%2Fcomments&post=1298"}],"version-history":[{"count":0,"href":"https:\/\/www.creusonslabible.fr\/index.php?rest_route=\/wp\/v2\/pages\/1298\/revisions"}],"wp:attachment":[{"href":"https:\/\/www.creusonslabible.fr\/index.php?rest_route=%2Fwp%2Fv2%2Fmedia&parent=1298"}],"wp:term":[{"taxonomy":"mis-en-avant","embeddable":true,"href":"https:\/\/www.creusonslabible.fr\/index.php?rest_route=%2Fwp%2Fv2%2Fmis-en-avant&post=1298"}],"curies":[{"name":"wp","href":"https:\/\/api.w.org\/{rel}","templated":true}]}}