{"id":1302,"date":"2013-03-05T12:42:49","date_gmt":"2013-03-05T12:42:49","guid":{"rendered":"http:\/\/elearning.gbu.fr\/?page_id=1302"},"modified":"2013-03-05T12:42:49","modified_gmt":"2013-03-05T12:42:49","slug":"autour-du-christianisme","status":"publish","type":"page","link":"https:\/\/www.creusonslabible.fr\/?page_id=1302","title":{"rendered":"Autour du christianisme"},"content":{"rendered":"<p><!--raw--><\/p>\n<div class=\"post-list group\">\n<div class=\"post-row\">\n<article class=\"group post type-post status-publish format-standard has-post-thumbnail hentry\" >\n<div class=\"post-inner post-hover\">\n<div class=\"post-thumbnail\">\n\t\t\t\t<a href=\"?cat=86\"><br \/>\n\t\t\t\t\t<img decoding=\"async\" class=\"attachment-thumb-medium wp-post-image\"  src=\"https:\/\/clone.foienquestions.eu\/wp-content\/uploads\/2015\/10\/PICTO-27-1.png\"><br \/>\n\t\t\t\t<\/a>\n\t\t\t<\/div>\n<div class=\"post-meta group\"><\/div>\n<h2 class=\"post-title\"><a href=\"?cat=86\"> Histoire de l&rsquo;\u00c9glise<\/a><\/h2>\n<div class=\"entry excerpt\"><\/div>\n<\/p><\/div>\n<\/article>\n<article class=\"group post type-post status-publish format-standard has-post-thumbnail hentry\" >\n<div class=\"post-inner post-hover\">\n<div class=\"post-thumbnail\">\n\t\t\t\t<a href=\"?cat=87\"><br \/>\n\t\t\t\t\t<img decoding=\"async\" class=\"attachment-thumb-medium wp-post-image\"  src=\"https:\/\/clone.foienquestions.eu\/wp-content\/uploads\/2015\/10\/PICTO-21-1.png\"><br \/>\n\t\t\t\t<\/a>\n\t\t\t<\/div>\n<div class=\"post-meta group\"><\/div>\n<h2 class=\"post-title\"><a href=\"?cat=87\">Les religions et les philosophies <\/a><\/h2>\n<div class=\"entry excerpt\"><\/div>\n<\/p><\/div>\n<\/article>\n<\/div>\n<div class=\"post-row\">\n<article class=\"group post type-post status-publish format-standard has-post-thumbnail hentry\" >\n<div class=\"post-inner post-hover\">\n<div class=\"post-thumbnail\">\n\t\t\t\t<a href=\"?cat=88\"><br \/>\n\t\t\t\t\t<img decoding=\"async\" class=\"attachment-thumb-medium wp-post-image\"  src=\"https:\/\/clone.foienquestions.eu\/wp-content\/uploads\/2015\/10\/PICTO-28-1.png\"><br \/>\n\t\t\t\t<\/a>\n\t\t\t<\/div>\n<div class=\"post-meta group\"><\/div>\n<h2 class=\"post-title\"><a href=\"?cat=88\"> Philo-Th\u00e9o<\/a><\/h2>\n<div class=\"entry excerpt\"><\/div>\n<\/p><\/div>\n<\/article>\n<\/div>\n<\/div>\n<p><!--\/raw--><\/p>\n","protected":false},"excerpt":{"rendered":"<p>Histoire de l&rsquo;\u00c9glise Les religions et les philosophies Philo-Th\u00e9o<\/p>\n","protected":false},"author":2,"featured_media":0,"parent":0,"menu_order":4,"comment_status":"closed","ping_status":"closed","template":"","meta":{"_acf_changed":false,"_eb_attr":"","advgb_blocks_editor_width":"","advgb_blocks_columns_visual_guide":"","footnotes":""},"mis-en-avant":[],"class_list":["post-1302","page","type-page","status-publish","hentry"],"blocksy_meta":[],"acf":[],"featured_image_src":null,"coauthors":[],"author_meta":{"author_link":"https:\/\/www.creusonslabible.fr\/?author=2","display_name":"caillou"},"relative_dates":{"created":"Publi\u00e9 13 ans il y a","modified":"Mis \u00e0 jour 13 ans il y a"},"absolute_dates":{"created":"Publi\u00e9 le 5 mars 2013","modified":"Mise \u00e0 jour le 5 mars 2013"},"absolute_dates_time":{"created":"Publi\u00e9 le 5 mars 2013 12h42","modified":"Mise \u00e0 jour le 5 mars 2013 12h42"},"featured_img_caption":"","featured_img":false,"series_order":"","meta_box":[],"_links":{"self":[{"href":"https:\/\/www.creusonslabible.fr\/index.php?rest_route=\/wp\/v2\/pages\/1302","targetHints":{"allow":["GET"]}}],"collection":[{"href":"https:\/\/www.creusonslabible.fr\/index.php?rest_route=\/wp\/v2\/pages"}],"about":[{"href":"https:\/\/www.creusonslabible.fr\/index.php?rest_route=\/wp\/v2\/types\/page"}],"author":[{"embeddable":true,"href":"https:\/\/www.creusonslabible.fr\/index.php?rest_route=\/wp\/v2\/users\/2"}],"replies":[{"embeddable":true,"href":"https:\/\/www.creusonslabible.fr\/index.php?rest_route=%2Fwp%2Fv2%2Fcomments&post=1302"}],"version-history":[{"count":0,"href":"https:\/\/www.creusonslabible.fr\/index.php?rest_route=\/wp\/v2\/pages\/1302\/revisions"}],"wp:attachment":[{"href":"https:\/\/www.creusonslabible.fr\/index.php?rest_route=%2Fwp%2Fv2%2Fmedia&parent=1302"}],"wp:term":[{"taxonomy":"mis-en-avant","embeddable":true,"href":"https:\/\/www.creusonslabible.fr\/index.php?rest_route=%2Fwp%2Fv2%2Fmis-en-avant&post=1302"}],"curies":[{"name":"wp","href":"https:\/\/api.w.org\/{rel}","templated":true}]}}