{"id":4115,"date":"2016-04-16T13:36:08","date_gmt":"2016-04-16T13:36:08","guid":{"rendered":"http:\/\/www.creusonslabible.fr\/?page_id=4115"},"modified":"2024-07-22T19:30:06","modified_gmt":"2024-07-22T17:30:06","slug":"a-propos","status":"publish","type":"page","link":"https:\/\/www.creusonslabible.fr\/?page_id=4115","title":{"rendered":"\u00c0\u00a0propos"},"content":{"rendered":"<p>Creusons la Bible est le site de ressources bibliques et th\u00e9ologiques des Groupes Bibliques Universitaires.<\/p>\n<p>Son but est d\u2019aider ceux qui le souhaitent (et en particulier les \u00e9tudiants) \u00e0 approfondir leur compr\u00e9hension de la Bible et de l\u2019\u00c9vangile qu\u2019elle r\u00e9v\u00e8le.<\/p>\n<p>Vous y trouverez un ensemble d\u2019articles, de conf\u00e9rences et de vid\u00e9os \u00e0 propos de\u00a0:<\/p>\n<p><!--raw--><\/p>\n<div class=\"post-list group\">\n<div class=\"post-row\">\n<article class=\"group post type-post status-publish format-standard has-post-thumbnail hentry\">\n<div class=\"post-inner post-hover\">\n<div class=\"post-thumbnail\"><a href=\"?page_id=111\"><br \/>\n<img decoding=\"async\" class=\"attachment-thumb-medium wp-post-image\" src=\"https:\/\/clone.foienquestions.eu\/wp-content\/uploads\/2015\/10\/PICTO-16-1.png\" alt=\"\" \/><br \/>\n<\/a><\/div>\n<div class=\"post-meta group\"><\/div>\n<h2 class=\"post-title\"><a href=\"?page_id=111\"> La Bible<\/a><\/h2>\n<div class=\"entry excerpt\">Dans cette cat\u00e9gorie, vous trouverez des commentaires de textes, des introductions aux livres Bibliques, des canevas pour animer des Discussions Autour de la Bible et des m\u00e9ditations bibliques<\/div>\n<\/div>\n<\/article>\n<article class=\"group post type-post status-publish format-standard has-post-thumbnail hentry\">\n<div class=\"post-inner post-hover\">\n<div class=\"post-thumbnail\"><a href=\"?page_id=126\"><br \/>\n<img decoding=\"async\" class=\"attachment-thumb-medium wp-post-image\" src=\"https:\/\/clone.foienquestions.eu\/wp-content\/uploads\/2015\/10\/PICTO-17-1.png\" alt=\"\" \/><br \/>\n<\/a><\/div>\n<div class=\"post-meta group\"><\/div>\n<h2 class=\"post-title\"><a href=\"?page_id=126\"> La foi chr\u00e9tienne<\/a><\/h2>\n<div class=\"entry excerpt\">Comment comprendre sa foi \u00e0 la lumi\u00e8re de la Bible ? Il y a dans cette cat\u00e9gorie un ensemble de r\u00e9flexions sur les grands th\u00e8mes de la foi (Dieu, le p\u00e9ch\u00e9, le salut etc.)<\/div>\n<\/div>\n<\/article>\n<\/div>\n<div class=\"post-row\">\n<article class=\"group post type-post status-publish format-standard has-post-thumbnail hentry\">\n<div class=\"post-inner post-hover\">\n<div class=\"post-thumbnail\"><a href=\"?page_id=1298\"><br \/>\n<img decoding=\"async\" class=\"attachment-thumb-medium wp-post-image\" src=\"https:\/\/clone.foienquestions.eu\/wp-content\/uploads\/2015\/10\/PICTO-04-1.png\" alt=\"\" \/><br \/>\n<\/a><\/div>\n<div class=\"post-meta group\"><\/div>\n<h2 class=\"post-title\"><a href=\"?page_id=1298\"> La vie chr\u00e9tienne<\/a><\/h2>\n<div class=\"entry excerpt\">Comment vivre sa vie vis-\u00e0-vis de l\u2019\u00e9criture ? On y aborde les questions plus \u00ab pratiques \u00bb que cela soit d\u2019un point de vue Spirituel, \u00c9thique, pratique<\/div>\n<\/div>\n<\/article>\n<article class=\"group post type-post status-publish format-standard has-post-thumbnail hentry\">\n<div class=\"post-inner post-hover\">\n<div class=\"post-thumbnail\"><a href=\"?page_id=1302\"><br \/>\n<img decoding=\"async\" class=\"attachment-thumb-medium wp-post-image\" src=\"https:\/\/clone.foienquestions.eu\/wp-content\/uploads\/2015\/10\/PICTO-26-1.png\" alt=\"\" \/><br \/>\n<\/a><\/div>\n<div class=\"post-meta group\"><\/div>\n<h2 class=\"post-title\"><a href=\"?page_id=1302\">Autour du christianisme <\/a><\/h2>\n<div class=\"entry excerpt\">Comment la foi biblique entre en rapport avec les autres visions du monde ?<\/div>\n<\/div>\n<\/article>\n<\/div>\n<\/div>\n<h1>L&rsquo;\u00c9quipe Creusons la Bible<\/h1>\n<div style=\"float: left; width: 100%;\">\n<div style=\"float: left; width: 50%;\">\n<h2>Yoh!<\/h2>\n<p><a href=\"https:\/\/www.creusonslabible.fr\/wp-content\/uploads\/2024\/07\/Portrait-Yohann-3-light-NB-scaled.jpg\"><img loading=\"lazy\" decoding=\"async\" class=\"alignleft wp-image-9751\" src=\"https:\/\/www.creusonslabible.fr\/wp-content\/uploads\/2024\/07\/Portrait-Yohann-3-light-NB-scaled.jpg\" alt=\"\" width=\"133\" height=\"188\" \/><\/a><\/p>\n<div style=\"float: left; width: 68%; padding-left: 2%;\">\n<p>Secr\u00e9taire G\u00e9n\u00e9ral, r\u00e9dac&rsquo; chef et topeur<\/p>\n<blockquote><p>J&rsquo;aime bien les agrumes, la vinaigrette, Pierre Desproges, le rock ind\u00e9pendant, l&rsquo;humour noir bref, tout ce qui est acide<\/p><\/blockquote>\n<\/div>\n<\/div>\n<div style=\"float: left; width: 50%;\">\n<h2>Caillou<\/h2>\n<div style=\"float: left; width: 30%;\"><img decoding=\"async\" src=\"https:\/\/clone.foienquestions.eu\/wp-content\/uploads\/2015\/10\/caillou_clb-1.jpg\" alt=\"\" \/><\/div>\n<div style=\"float: left; width: 68%; padding-left: 2%;\">\n<p>Coordinateur R\u00e9gional de l&rsquo;\u00cele de France, \u00e9tudiant \u00e0 la FLTE, webmaster et r\u00e9dacteur d&rsquo;articles<\/p>\n<blockquote><p>Je ne connais toujours pas l&rsquo;ordre des livres de la Bible par c\u0153ur<\/p><\/blockquote>\n<\/div>\n<\/div>\n<\/div>\n<p><!--\n\n\n<div style=\"float: left; width: 100%;\">\n\n\n<div style=\"float: left; width: 50%;\">\n\n\n<h2>Esther la baleine<\/h2>\n\n\n\n\n<div style=\"float: left; width: 30%;\"><img decoding=\"async\" src=\"https:\/\/clone.foienquestions.eu\/wp-content\/uploads\/2016\/04\/Yoh-1.png\" alt=\"\" \/><\/div>\n\n\n\n\n<div style=\"float: left; width: 68%; padding-left: 2%;\">\n\nCoordinatrice r\u00e9gionale dans le nord et r\u00e9novatrice des canevas de DAB\n\n\n<blockquote>En ce moment, je fais des b\u00e9b\u00e9s<\/blockquote>\n\n\n<\/div>\n\n\n<\/div>\n\n\n\n\n<div style=\"float: left; width: 50%;\">\n\n\n<h2>Marie-Aude<\/h2>\n\n\n\n\n<div style=\"float: left; width: 30%;\"><img decoding=\"async\" src=\"https:\/\/clone.foienquestions.eu\/wp-content\/uploads\/2016\/04\/Yoh-1.png\" alt=\"\" \/><\/div>\n\n\n\n\n<div style=\"float: left; width: 68%; padding-left: 2%;\">\n\nAncienne stagiaire GBU, pr\u00e9visionniste dans la soupe, relectrice, \u00e9crivaine de DAB et de m\u00e9ditations bibliques\n\n\n<blockquote>Moi, je vends de la soupe<\/blockquote>\n\n\n<\/div>\n\n\n<\/div>\n\n\n<\/div>\n\n\n--><\/p>\n<p><a href=\"http:\/\/gbu.fr\/#aboutassolocaux\">Les autres \u00e9quipiers du GBU participent aussi, de temps en temps, \u00e0 la r\u00e9daction de contenus, suivez ce lien pour faire leur connaissance<\/a><br \/>\n<!--\/raw--><\/p>\n","protected":false},"excerpt":{"rendered":"<p>Creusons la Bible est le site de ressources bibliques et th\u00e9ologiques des Groupes Bibliques Universitaires. Son but est d\u2019aider ceux qui le souhaitent (et en particulier les \u00e9tudiants) \u00e0 approfondir leur compr\u00e9hension de la Bible et de l\u2019\u00c9vangile qu\u2019elle r\u00e9v\u00e8le. Vous y trouverez un ensemble d\u2019articles, de conf\u00e9rences et de vid\u00e9os \u00e0 propos de\u00a0: La [&hellip;]<\/p>\n","protected":false},"author":2,"featured_media":0,"parent":0,"menu_order":0,"comment_status":"closed","ping_status":"closed","template":"","meta":{"_acf_changed":false,"_eb_attr":"","advgb_blocks_editor_width":"","advgb_blocks_columns_visual_guide":"","footnotes":""},"mis-en-avant":[],"class_list":["post-4115","page","type-page","status-publish","hentry"],"blocksy_meta":[],"acf":[],"featured_image_src":null,"coauthors":[],"author_meta":{"author_link":"https:\/\/www.creusonslabible.fr\/?author=2","display_name":"caillou"},"relative_dates":{"created":"Publi\u00e9 10 ans il y a","modified":"Mis \u00e0 jour 2 ans il y a"},"absolute_dates":{"created":"Publi\u00e9 le 16 avril 2016","modified":"Mise \u00e0 jour le 22 juillet 2024"},"absolute_dates_time":{"created":"Publi\u00e9 le 16 avril 2016 13h36","modified":"Mise \u00e0 jour le 22 juillet 2024 19h30"},"featured_img_caption":"","featured_img":false,"series_order":"","meta_box":[],"_links":{"self":[{"href":"https:\/\/www.creusonslabible.fr\/index.php?rest_route=\/wp\/v2\/pages\/4115","targetHints":{"allow":["GET"]}}],"collection":[{"href":"https:\/\/www.creusonslabible.fr\/index.php?rest_route=\/wp\/v2\/pages"}],"about":[{"href":"https:\/\/www.creusonslabible.fr\/index.php?rest_route=\/wp\/v2\/types\/page"}],"author":[{"embeddable":true,"href":"https:\/\/www.creusonslabible.fr\/index.php?rest_route=\/wp\/v2\/users\/2"}],"replies":[{"embeddable":true,"href":"https:\/\/www.creusonslabible.fr\/index.php?rest_route=%2Fwp%2Fv2%2Fcomments&post=4115"}],"version-history":[{"count":1,"href":"https:\/\/www.creusonslabible.fr\/index.php?rest_route=\/wp\/v2\/pages\/4115\/revisions"}],"predecessor-version":[{"id":9752,"href":"https:\/\/www.creusonslabible.fr\/index.php?rest_route=\/wp\/v2\/pages\/4115\/revisions\/9752"}],"wp:attachment":[{"href":"https:\/\/www.creusonslabible.fr\/index.php?rest_route=%2Fwp%2Fv2%2Fmedia&parent=4115"}],"wp:term":[{"taxonomy":"mis-en-avant","embeddable":true,"href":"https:\/\/www.creusonslabible.fr\/index.php?rest_route=%2Fwp%2Fv2%2Fmis-en-avant&post=4115"}],"curies":[{"name":"wp","href":"https:\/\/api.w.org\/{rel}","templated":true}]}}